{"id":1804,"date":"2019-02-22T13:50:19","date_gmt":"2019-02-22T12:50:19","guid":{"rendered":"http:\/\/dms-bbz.hr\/?page_id=1804"},"modified":"2019-09-23T19:27:09","modified_gmt":"2019-09-23T18:27:09","slug":"izvjestaj-o-radu-za-2018-godinu","status":"publish","type":"page","link":"https:\/\/dms-bbz.hr\/index.php\/izvjestaj-o-radu-za-2018-godinu\/","title":{"rendered":"Izvje\u0161taj o radu za 2018. godinu"},"content":{"rendered":"\n<figure class=\"wp-block-image\"><img loading=\"lazy\" decoding=\"async\" width=\"428\" height=\"161\" src=\"http:\/\/dms-bbz.hr\/wp-content\/uploads\/2019\/09\/logo-i-SOS.jpg\" alt=\"\" class=\"wp-image-2057\"\/><\/figure>\n\n\n\n<figure class=\"wp-block-image\"><img loading=\"lazy\" decoding=\"async\" width=\"724\" height=\"1024\" src=\"http:\/\/dms-bbz.hr\/wp-content\/uploads\/2019\/02\/Izvjestaj-o-radu-za-2018.g.-001-724x1024.jpg\" alt=\"\" class=\"wp-image-1819\" srcset=\"https:\/\/dms-bbz.hr\/wp-content\/uploads\/2019\/02\/Izvjestaj-o-radu-za-2018.g.-001-724x1024.jpg 724w, https:\/\/dms-bbz.hr\/wp-content\/uploads\/2019\/02\/Izvjestaj-o-radu-za-2018.g.-001-353x500.jpg 353w, https:\/\/dms-bbz.hr\/wp-content\/uploads\/2019\/02\/Izvjestaj-o-radu-za-2018.g.-001-768x1087.jpg 768w, https:\/\/dms-bbz.hr\/wp-content\/uploads\/2019\/02\/Izvjestaj-o-radu-za-2018.g.-001-750x1061.jpg 750w, https:\/\/dms-bbz.hr\/wp-content\/uploads\/2019\/02\/Izvjestaj-o-radu-za-2018.g.-001.jpg 1190w\" sizes=\"auto, (max-width: 724px) 100vw, 724px\" \/><\/figure>\n\n\n\n<figure class=\"wp-block-image\"><img loading=\"lazy\" decoding=\"async\" width=\"724\" height=\"1024\" src=\"http:\/\/dms-bbz.hr\/wp-content\/uploads\/2019\/02\/Izvjestaj-o-radu-za-2018.g.-002-724x1024.jpg\" alt=\"\" class=\"wp-image-1820\" srcset=\"https:\/\/dms-bbz.hr\/wp-content\/uploads\/2019\/02\/Izvjestaj-o-radu-za-2018.g.-002-724x1024.jpg 724w, https:\/\/dms-bbz.hr\/wp-content\/uploads\/2019\/02\/Izvjestaj-o-radu-za-2018.g.-002-353x500.jpg 353w, https:\/\/dms-bbz.hr\/wp-content\/uploads\/2019\/02\/Izvjestaj-o-radu-za-2018.g.-002-768x1087.jpg 768w, https:\/\/dms-bbz.hr\/wp-content\/uploads\/2019\/02\/Izvjestaj-o-radu-za-2018.g.-002-750x1061.jpg 750w, https:\/\/dms-bbz.hr\/wp-content\/uploads\/2019\/02\/Izvjestaj-o-radu-za-2018.g.-002.jpg 1190w\" sizes=\"auto, (max-width: 724px) 100vw, 724px\" \/><\/figure>\n\n\n\n<figure class=\"wp-block-image\"><img loading=\"lazy\" decoding=\"async\" width=\"724\" height=\"1024\" src=\"http:\/\/dms-bbz.hr\/wp-content\/uploads\/2019\/02\/Izvjestaj-o-radu-za-2018.g.-003-724x1024.jpg\" alt=\"\" class=\"wp-image-1821\" srcset=\"https:\/\/dms-bbz.hr\/wp-content\/uploads\/2019\/02\/Izvjestaj-o-radu-za-2018.g.-003-724x1024.jpg 724w, https:\/\/dms-bbz.hr\/wp-content\/uploads\/2019\/02\/Izvjestaj-o-radu-za-2018.g.-003-353x500.jpg 353w, https:\/\/dms-bbz.hr\/wp-content\/uploads\/2019\/02\/Izvjestaj-o-radu-za-2018.g.-003-768x1087.jpg 768w, https:\/\/dms-bbz.hr\/wp-content\/uploads\/2019\/02\/Izvjestaj-o-radu-za-2018.g.-003-750x1061.jpg 750w, https:\/\/dms-bbz.hr\/wp-content\/uploads\/2019\/02\/Izvjestaj-o-radu-za-2018.g.-003.jpg 1190w\" sizes=\"auto, (max-width: 724px) 100vw, 724px\" \/><\/figure>\n\n\n\n<figure class=\"wp-block-image\"><img loading=\"lazy\" decoding=\"async\" width=\"724\" height=\"1024\" src=\"http:\/\/dms-bbz.hr\/wp-content\/uploads\/2019\/02\/Izvjestaj-o-radu-za-2018.g.-004-724x1024.jpg\" alt=\"\" class=\"wp-image-1822\" srcset=\"https:\/\/dms-bbz.hr\/wp-content\/uploads\/2019\/02\/Izvjestaj-o-radu-za-2018.g.-004-724x1024.jpg 724w, https:\/\/dms-bbz.hr\/wp-content\/uploads\/2019\/02\/Izvjestaj-o-radu-za-2018.g.-004-353x500.jpg 353w, https:\/\/dms-bbz.hr\/wp-content\/uploads\/2019\/02\/Izvjestaj-o-radu-za-2018.g.-004-768x1087.jpg 768w, https:\/\/dms-bbz.hr\/wp-content\/uploads\/2019\/02\/Izvjestaj-o-radu-za-2018.g.-004-750x1061.jpg 750w, https:\/\/dms-bbz.hr\/wp-content\/uploads\/2019\/02\/Izvjestaj-o-radu-za-2018.g.-004.jpg 1190w\" sizes=\"auto, (max-width: 724px) 100vw, 724px\" \/><\/figure>\n\n\n\n<figure class=\"wp-block-image\"><img loading=\"lazy\" decoding=\"async\" width=\"724\" height=\"1024\" src=\"http:\/\/dms-bbz.hr\/wp-content\/uploads\/2019\/02\/Izvjestaj-o-radu-za-2018.g.-005-724x1024.jpg\" alt=\"\" class=\"wp-image-1823\" srcset=\"https:\/\/dms-bbz.hr\/wp-content\/uploads\/2019\/02\/Izvjestaj-o-radu-za-2018.g.-005-724x1024.jpg 724w, https:\/\/dms-bbz.hr\/wp-content\/uploads\/2019\/02\/Izvjestaj-o-radu-za-2018.g.-005-353x500.jpg 353w, https:\/\/dms-bbz.hr\/wp-content\/uploads\/2019\/02\/Izvjestaj-o-radu-za-2018.g.-005-768x1087.jpg 768w, https:\/\/dms-bbz.hr\/wp-content\/uploads\/2019\/02\/Izvjestaj-o-radu-za-2018.g.-005-750x1061.jpg 750w, https:\/\/dms-bbz.hr\/wp-content\/uploads\/2019\/02\/Izvjestaj-o-radu-za-2018.g.-005.jpg 1190w\" sizes=\"auto, (max-width: 724px) 100vw, 724px\" \/><\/figure>\n\n\n\n<figure class=\"wp-block-image\"><img loading=\"lazy\" decoding=\"async\" width=\"724\" height=\"1024\" src=\"http:\/\/dms-bbz.hr\/wp-content\/uploads\/2019\/02\/Izvjestaj-o-radu-za-2018.g.-006-724x1024.jpg\" alt=\"\" class=\"wp-image-1824\" srcset=\"https:\/\/dms-bbz.hr\/wp-content\/uploads\/2019\/02\/Izvjestaj-o-radu-za-2018.g.-006-724x1024.jpg 724w, https:\/\/dms-bbz.hr\/wp-content\/uploads\/2019\/02\/Izvjestaj-o-radu-za-2018.g.-006-353x500.jpg 353w, https:\/\/dms-bbz.hr\/wp-content\/uploads\/2019\/02\/Izvjestaj-o-radu-za-2018.g.-006-768x1087.jpg 768w, https:\/\/dms-bbz.hr\/wp-content\/uploads\/2019\/02\/Izvjestaj-o-radu-za-2018.g.-006-750x1061.jpg 750w, https:\/\/dms-bbz.hr\/wp-content\/uploads\/2019\/02\/Izvjestaj-o-radu-za-2018.g.-006.jpg 1190w\" sizes=\"auto, (max-width: 724px) 100vw, 724px\" \/><\/figure>\n\n\n\n<figure class=\"wp-block-image\"><img loading=\"lazy\" decoding=\"async\" width=\"724\" height=\"1024\" src=\"http:\/\/dms-bbz.hr\/wp-content\/uploads\/2019\/02\/Izvjestaj-o-radu-za-2018.g.-007-724x1024.jpg\" alt=\"\" class=\"wp-image-1825\" srcset=\"https:\/\/dms-bbz.hr\/wp-content\/uploads\/2019\/02\/Izvjestaj-o-radu-za-2018.g.-007-724x1024.jpg 724w, https:\/\/dms-bbz.hr\/wp-content\/uploads\/2019\/02\/Izvjestaj-o-radu-za-2018.g.-007-353x500.jpg 353w, https:\/\/dms-bbz.hr\/wp-content\/uploads\/2019\/02\/Izvjestaj-o-radu-za-2018.g.-007-768x1087.jpg 768w, https:\/\/dms-bbz.hr\/wp-content\/uploads\/2019\/02\/Izvjestaj-o-radu-za-2018.g.-007-750x1061.jpg 750w, https:\/\/dms-bbz.hr\/wp-content\/uploads\/2019\/02\/Izvjestaj-o-radu-za-2018.g.-007.jpg 1190w\" sizes=\"auto, (max-width: 724px) 100vw, 724px\" \/><\/figure>\n\n\n\n<figure class=\"wp-block-image\"><img loading=\"lazy\" decoding=\"async\" width=\"724\" height=\"1024\" src=\"http:\/\/dms-bbz.hr\/wp-content\/uploads\/2019\/02\/Izvjestaj-o-radu-za-2018.g.-008-724x1024.jpg\" alt=\"\" class=\"wp-image-1826\" srcset=\"https:\/\/dms-bbz.hr\/wp-content\/uploads\/2019\/02\/Izvjestaj-o-radu-za-2018.g.-008-724x1024.jpg 724w, https:\/\/dms-bbz.hr\/wp-content\/uploads\/2019\/02\/Izvjestaj-o-radu-za-2018.g.-008-353x500.jpg 353w, https:\/\/dms-bbz.hr\/wp-content\/uploads\/2019\/02\/Izvjestaj-o-radu-za-2018.g.-008-768x1087.jpg 768w, https:\/\/dms-bbz.hr\/wp-content\/uploads\/2019\/02\/Izvjestaj-o-radu-za-2018.g.-008-750x1061.jpg 750w, https:\/\/dms-bbz.hr\/wp-content\/uploads\/2019\/02\/Izvjestaj-o-radu-za-2018.g.-008.jpg 1190w\" sizes=\"auto, (max-width: 724px) 100vw, 724px\" \/><\/figure>\n","protected":false},"excerpt":{"rendered":"","protected":false},"author":1,"featured_media":0,"parent":0,"menu_order":0,"comment_status":"closed","ping_status":"closed","template":"","meta":{"ngg_post_thumbnail":0,"footnotes":""},"class_list":["post-1804","page","type-page","status-publish","hentry"],"yoast_head":"<!-- This site is optimized with the Yoast SEO plugin v25.2 - https:\/\/yoast.com\/wordpress\/plugins\/seo\/ -->\n<title>Izvje\u0161taj o radu za 2018. godinu - Dru\u0161tvo Multiple Skleroze Bjelovarsko bilogorske \u017eupanije<\/title>\n<meta name=\"robots\" content=\"index, follow, max-snippet:-1, max-image-preview:large, max-video-preview:-1\" \/>\n<link rel=\"canonical\" href=\"http:\/\/dms-bbz.hr\/index.php\/izvjestaj-o-radu-za-2018-godinu\/\" \/>\n<meta property=\"og:locale\" content=\"hr_HR\" \/>\n<meta property=\"og:type\" content=\"article\" \/>\n<meta property=\"og:title\" content=\"Izvje\u0161taj o radu za 2018. godinu - Dru\u0161tvo Multiple Skleroze Bjelovarsko bilogorske \u017eupanije\" \/>\n<meta property=\"og:url\" content=\"http:\/\/dms-bbz.hr\/index.php\/izvjestaj-o-radu-za-2018-godinu\/\" \/>\n<meta property=\"og:site_name\" content=\"Dru\u0161tvo Multiple Skleroze Bjelovarsko bilogorske \u017eupanije\" \/>\n<meta property=\"article:publisher\" content=\"https:\/\/www.facebook.com\/drustvomultipleskleroze.bjelovar\" \/>\n<meta property=\"article:modified_time\" content=\"2019-09-23T18:27:09+00:00\" \/>\n<meta property=\"og:image\" content=\"http:\/\/dms-bbz.hr\/wp-content\/uploads\/2019\/09\/logo-i-SOS.jpg\" \/>\n<meta name=\"twitter:card\" content=\"summary_large_image\" \/>\n<script type=\"application\/ld+json\" class=\"yoast-schema-graph\">{\"@context\":\"https:\/\/schema.org\",\"@graph\":[{\"@type\":\"WebPage\",\"@id\":\"http:\/\/dms-bbz.hr\/index.php\/izvjestaj-o-radu-za-2018-godinu\/\",\"url\":\"http:\/\/dms-bbz.hr\/index.php\/izvjestaj-o-radu-za-2018-godinu\/\",\"name\":\"Izvje\u0161taj o radu za 2018. godinu - Dru\u0161tvo Multiple Skleroze Bjelovarsko bilogorske \u017eupanije\",\"isPartOf\":{\"@id\":\"http:\/\/dms-bbz.hr\/#website\"},\"primaryImageOfPage\":{\"@id\":\"http:\/\/dms-bbz.hr\/index.php\/izvjestaj-o-radu-za-2018-godinu\/#primaryimage\"},\"image\":{\"@id\":\"http:\/\/dms-bbz.hr\/index.php\/izvjestaj-o-radu-za-2018-godinu\/#primaryimage\"},\"thumbnailUrl\":\"http:\/\/dms-bbz.hr\/wp-content\/uploads\/2019\/09\/logo-i-SOS.jpg\",\"datePublished\":\"2019-02-22T12:50:19+00:00\",\"dateModified\":\"2019-09-23T18:27:09+00:00\",\"breadcrumb\":{\"@id\":\"http:\/\/dms-bbz.hr\/index.php\/izvjestaj-o-radu-za-2018-godinu\/#breadcrumb\"},\"inLanguage\":\"hr\",\"potentialAction\":[{\"@type\":\"ReadAction\",\"target\":[\"http:\/\/dms-bbz.hr\/index.php\/izvjestaj-o-radu-za-2018-godinu\/\"]}]},{\"@type\":\"ImageObject\",\"inLanguage\":\"hr\",\"@id\":\"http:\/\/dms-bbz.hr\/index.php\/izvjestaj-o-radu-za-2018-godinu\/#primaryimage\",\"url\":\"https:\/\/dms-bbz.hr\/wp-content\/uploads\/2019\/09\/logo-i-SOS.jpg\",\"contentUrl\":\"https:\/\/dms-bbz.hr\/wp-content\/uploads\/2019\/09\/logo-i-SOS.jpg\",\"width\":428,\"height\":161},{\"@type\":\"BreadcrumbList\",\"@id\":\"http:\/\/dms-bbz.hr\/index.php\/izvjestaj-o-radu-za-2018-godinu\/#breadcrumb\",\"itemListElement\":[{\"@type\":\"ListItem\",\"position\":1,\"name\":\"Home\",\"item\":\"http:\/\/dms-bbz.hr\/\"},{\"@type\":\"ListItem\",\"position\":2,\"name\":\"Izvje\u0161taj o radu za 2018. godinu\"}]},{\"@type\":\"WebSite\",\"@id\":\"http:\/\/dms-bbz.hr\/#website\",\"url\":\"http:\/\/dms-bbz.hr\/\",\"name\":\"Dru\u0161tvo Multiple Skleroze Bjelovarsko bilogorske \u017eupanije\",\"description\":\"Masarykova 8\",\"publisher\":{\"@id\":\"http:\/\/dms-bbz.hr\/#organization\"},\"potentialAction\":[{\"@type\":\"SearchAction\",\"target\":{\"@type\":\"EntryPoint\",\"urlTemplate\":\"http:\/\/dms-bbz.hr\/?s={search_term_string}\"},\"query-input\":{\"@type\":\"PropertyValueSpecification\",\"valueRequired\":true,\"valueName\":\"search_term_string\"}}],\"inLanguage\":\"hr\"},{\"@type\":\"Organization\",\"@id\":\"http:\/\/dms-bbz.hr\/#organization\",\"name\":\"Dru\u0161tvo Multiple Skleroze Bjelovarsko bilogorske \u017eupanije\",\"url\":\"http:\/\/dms-bbz.hr\/\",\"logo\":{\"@type\":\"ImageObject\",\"inLanguage\":\"hr\",\"@id\":\"http:\/\/dms-bbz.hr\/#\/schema\/logo\/image\/\",\"url\":\"http:\/\/dms-bbz.hr\/wp-content\/uploads\/2015\/09\/cropped-clip_image002.jpg\",\"contentUrl\":\"http:\/\/dms-bbz.hr\/wp-content\/uploads\/2015\/09\/cropped-clip_image002.jpg\",\"width\":512,\"height\":512,\"caption\":\"Dru\u0161tvo Multiple Skleroze Bjelovarsko bilogorske \u017eupanije\"},\"image\":{\"@id\":\"http:\/\/dms-bbz.hr\/#\/schema\/logo\/image\/\"},\"sameAs\":[\"https:\/\/www.facebook.com\/drustvomultipleskleroze.bjelovar\"]}]}<\/script>\n<!-- \/ Yoast SEO plugin. -->","yoast_head_json":{"title":"Izvje\u0161taj o radu za 2018. godinu - Dru\u0161tvo Multiple Skleroze Bjelovarsko bilogorske \u017eupanije","robots":{"index":"index","follow":"follow","max-snippet":"max-snippet:-1","max-image-preview":"max-image-preview:large","max-video-preview":"max-video-preview:-1"},"canonical":"http:\/\/dms-bbz.hr\/index.php\/izvjestaj-o-radu-za-2018-godinu\/","og_locale":"hr_HR","og_type":"article","og_title":"Izvje\u0161taj o radu za 2018. godinu - Dru\u0161tvo Multiple Skleroze Bjelovarsko bilogorske \u017eupanije","og_url":"http:\/\/dms-bbz.hr\/index.php\/izvjestaj-o-radu-za-2018-godinu\/","og_site_name":"Dru\u0161tvo Multiple Skleroze Bjelovarsko bilogorske \u017eupanije","article_publisher":"https:\/\/www.facebook.com\/drustvomultipleskleroze.bjelovar","article_modified_time":"2019-09-23T18:27:09+00:00","og_image":[{"url":"http:\/\/dms-bbz.hr\/wp-content\/uploads\/2019\/09\/logo-i-SOS.jpg","type":"","width":"","height":""}],"twitter_card":"summary_large_image","schema":{"@context":"https:\/\/schema.org","@graph":[{"@type":"WebPage","@id":"http:\/\/dms-bbz.hr\/index.php\/izvjestaj-o-radu-za-2018-godinu\/","url":"http:\/\/dms-bbz.hr\/index.php\/izvjestaj-o-radu-za-2018-godinu\/","name":"Izvje\u0161taj o radu za 2018. godinu - Dru\u0161tvo Multiple Skleroze Bjelovarsko bilogorske \u017eupanije","isPartOf":{"@id":"http:\/\/dms-bbz.hr\/#website"},"primaryImageOfPage":{"@id":"http:\/\/dms-bbz.hr\/index.php\/izvjestaj-o-radu-za-2018-godinu\/#primaryimage"},"image":{"@id":"http:\/\/dms-bbz.hr\/index.php\/izvjestaj-o-radu-za-2018-godinu\/#primaryimage"},"thumbnailUrl":"http:\/\/dms-bbz.hr\/wp-content\/uploads\/2019\/09\/logo-i-SOS.jpg","datePublished":"2019-02-22T12:50:19+00:00","dateModified":"2019-09-23T18:27:09+00:00","breadcrumb":{"@id":"http:\/\/dms-bbz.hr\/index.php\/izvjestaj-o-radu-za-2018-godinu\/#breadcrumb"},"inLanguage":"hr","potentialAction":[{"@type":"ReadAction","target":["http:\/\/dms-bbz.hr\/index.php\/izvjestaj-o-radu-za-2018-godinu\/"]}]},{"@type":"ImageObject","inLanguage":"hr","@id":"http:\/\/dms-bbz.hr\/index.php\/izvjestaj-o-radu-za-2018-godinu\/#primaryimage","url":"https:\/\/dms-bbz.hr\/wp-content\/uploads\/2019\/09\/logo-i-SOS.jpg","contentUrl":"https:\/\/dms-bbz.hr\/wp-content\/uploads\/2019\/09\/logo-i-SOS.jpg","width":428,"height":161},{"@type":"BreadcrumbList","@id":"http:\/\/dms-bbz.hr\/index.php\/izvjestaj-o-radu-za-2018-godinu\/#breadcrumb","itemListElement":[{"@type":"ListItem","position":1,"name":"Home","item":"http:\/\/dms-bbz.hr\/"},{"@type":"ListItem","position":2,"name":"Izvje\u0161taj o radu za 2018. godinu"}]},{"@type":"WebSite","@id":"http:\/\/dms-bbz.hr\/#website","url":"http:\/\/dms-bbz.hr\/","name":"Dru\u0161tvo Multiple Skleroze Bjelovarsko bilogorske \u017eupanije","description":"Masarykova 8","publisher":{"@id":"http:\/\/dms-bbz.hr\/#organization"},"potentialAction":[{"@type":"SearchAction","target":{"@type":"EntryPoint","urlTemplate":"http:\/\/dms-bbz.hr\/?s={search_term_string}"},"query-input":{"@type":"PropertyValueSpecification","valueRequired":true,"valueName":"search_term_string"}}],"inLanguage":"hr"},{"@type":"Organization","@id":"http:\/\/dms-bbz.hr\/#organization","name":"Dru\u0161tvo Multiple Skleroze Bjelovarsko bilogorske \u017eupanije","url":"http:\/\/dms-bbz.hr\/","logo":{"@type":"ImageObject","inLanguage":"hr","@id":"http:\/\/dms-bbz.hr\/#\/schema\/logo\/image\/","url":"http:\/\/dms-bbz.hr\/wp-content\/uploads\/2015\/09\/cropped-clip_image002.jpg","contentUrl":"http:\/\/dms-bbz.hr\/wp-content\/uploads\/2015\/09\/cropped-clip_image002.jpg","width":512,"height":512,"caption":"Dru\u0161tvo Multiple Skleroze Bjelovarsko bilogorske \u017eupanije"},"image":{"@id":"http:\/\/dms-bbz.hr\/#\/schema\/logo\/image\/"},"sameAs":["https:\/\/www.facebook.com\/drustvomultipleskleroze.bjelovar"]}]}},"_links":{"self":[{"href":"https:\/\/dms-bbz.hr\/index.php\/wp-json\/wp\/v2\/pages\/1804","targetHints":{"allow":["GET"]}}],"collection":[{"href":"https:\/\/dms-bbz.hr\/index.php\/wp-json\/wp\/v2\/pages"}],"about":[{"href":"https:\/\/dms-bbz.hr\/index.php\/wp-json\/wp\/v2\/types\/page"}],"author":[{"embeddable":true,"href":"https:\/\/dms-bbz.hr\/index.php\/wp-json\/wp\/v2\/users\/1"}],"replies":[{"embeddable":true,"href":"https:\/\/dms-bbz.hr\/index.php\/wp-json\/wp\/v2\/comments?post=1804"}],"version-history":[{"count":2,"href":"https:\/\/dms-bbz.hr\/index.php\/wp-json\/wp\/v2\/pages\/1804\/revisions"}],"predecessor-version":[{"id":2072,"href":"https:\/\/dms-bbz.hr\/index.php\/wp-json\/wp\/v2\/pages\/1804\/revisions\/2072"}],"wp:attachment":[{"href":"https:\/\/dms-bbz.hr\/index.php\/wp-json\/wp\/v2\/media?parent=1804"}],"curies":[{"name":"wp","href":"https:\/\/api.w.org\/{rel}","templated":true}]}}