{"id":333,"date":"2025-05-01T06:07:00","date_gmt":"2025-05-01T05:07:00","guid":{"rendered":"http:\/\/dms-bbz.hr\/?page_id=333"},"modified":"2026-04-07T10:43:31","modified_gmt":"2026-04-07T09:43:31","slug":"dmsbbz","status":"publish","type":"page","link":"https:\/\/dms-bbz.hr\/index.php\/dmsbbz\/","title":{"rendered":"DMS BB\u017d"},"content":{"rendered":"\n<hr class=\"wp-block-separator has-alpha-channel-opacity\"\/>\n\n\n<p>&nbsp;<\/p>\n<p><img loading=\"lazy\" decoding=\"async\" class=\"aligncenter  wp-image-2057\" src=\"http:\/\/dms-bbz.hr\/wp-content\/uploads\/2019\/09\/logo-i-SOS.jpg\" alt=\"\" width=\"380\" height=\"143\"><\/p>\n<p>&nbsp;<\/p>\n<div>\n<div id=\"jsc_c_8g\" class=\"l9j0dhe7\">\n<div class=\"l9j0dhe7\">\n<div class=\"n00je7tq arfg74bv qs9ysxi8 k77z8yql i09qtzwb n7fi1qx3 b5wmifdl hzruof5a pmk7jnqg j9ispegn kr520xx4 c5ndavph art1omkt ot9fgl3s\" data-visualcompletion=\"ignore\"><hr><\/div>\n<\/div>\n<div>&nbsp;<\/div>\n<div class=\"stjgntxs ni8dbmo4\"><strong><span class=\"vecicrveni\">\u017d<\/span><span class=\"veci\">elite se spremno suo\u010diti sa stresom koji sa sobom nosi bolest i nove \u017eivotne okolnosti?<\/span><\/strong><\/div>\n<\/div>\n<\/div>\n<p style=\"font-weight: 400;\"><strong><span class=\"vecicrveni\">\u017d<\/span><span class=\"veci\">elite preuzeti aktivniju ulogu u brizi za va\u0161e zdravlje?<\/span><br><span class=\"vecicrveni\">\u017d<\/span><span class=\"veci\">elite se opskrbiti informacijama i dodatnom podr\u0161kom?<\/span><br><span class=\"vecicrveni\">V<\/span><span class=\"veci\">a\u0161im doprinosom obogatite bazu podataka SDMSH-a te time omogu\u0107ite raspolaganje pouzdanim podacima &#8211; koraku prema kreiranju uspje\u0161nije zdravstvene politike za oboljele od MS-a.<\/span><br><span class=\"vecicrveni\">N<\/span><span class=\"veci\">amijenjena svim osobama oboljelim od MS-a bez obzira na \u010dlanstvo u dru\u0161tvima MS-a i geografsku udaljenost.<\/span><br><span class=\"vecicrveni\">K<\/span><span class=\"veci\">orisne informacije o socijalnim i radnim pravima, mogu\u0107nostima u\u010dlanjenja u lokalna dru\u0161tva MS-a, lije\u010denju i rehabilitaciji, nabavi pomagala, lijekovima, iskustvima drugih\u2026<\/span><br><span class=\"vecicrveni\">O<\/span><span class=\"veci\">tvoreni kanali komunikacije sa stru\u010dnjacima iz podru\u010dja lije\u010denja\/rehabilitacije MS-a.<\/span><\/strong><\/p>\n<p style=\"font-weight: 400;\"><strong><span class=\"veci\"><br><img loading=\"lazy\" decoding=\"async\" class=\"alignnone  wp-image-1805\" src=\"http:\/\/dms-bbz.hr\/wp-content\/uploads\/2019\/02\/Zaklada.jpg\" alt=\"\" width=\"166\" height=\"166\" srcset=\"https:\/\/dms-bbz.hr\/wp-content\/uploads\/2019\/02\/Zaklada.jpg 500w, https:\/\/dms-bbz.hr\/wp-content\/uploads\/2019\/02\/Zaklada-150x150.jpg 150w\" sizes=\"auto, (max-width: 166px) 100vw, 166px\" \/><\/span><\/strong><\/p>\n<p>Dru\u0161tvo multiple skleroze Bjelovarsko- bilogorske \u017eupanije je korisnik Temeljne sustavne podr\u0161ke Nacionalne zaklade za razvoj civilnog dru\u0161tva.<\/p>\n<p style=\"font-weight: 400;\"><strong><span style=\"color: #000000;\">&nbsp;<\/span><\/strong><\/p>\n<p style=\"font-weight: 400;\"><strong><span class=\"veci\">&nbsp;<\/span><\/strong><\/p>\n<p>&nbsp;<\/p>\n\n\n<p><\/p>\n","protected":false},"excerpt":{"rendered":"<p>&nbsp; &nbsp; &nbsp; \u017delite se spremno suo\u010diti sa stresom koji sa sobom nosi bolest i nove \u017eivotne okolnosti? \u017delite preuzeti aktivniju ulogu u brizi za va\u0161e zdravlje?\u017delite se opskrbiti informacijama i dodatnom podr\u0161kom?Va\u0161im doprinosom obogatite bazu podataka SDMSH-a te time omogu\u0107ite raspolaganje pouzdanim podacima &#8211; koraku prema kreiranju uspje\u0161nije zdravstvene politike za oboljele od MS-a.Namijenjena [&hellip;]<\/p>\n","protected":false},"author":1,"featured_media":0,"parent":0,"menu_order":0,"comment_status":"closed","ping_status":"closed","template":"","meta":{"ngg_post_thumbnail":0,"footnotes":""},"class_list":["post-333","page","type-page","status-publish","hentry"],"yoast_head":"<!-- This site is optimized with the Yoast SEO plugin v25.2 - https:\/\/yoast.com\/wordpress\/plugins\/seo\/ -->\n<title>Dmsbb\u017e - Dru\u0161tvo Multiple Skleroze Bjelovar<\/title>\n<meta name=\"description\" content=\"DMSBB\u017d - Dru\u0161tvo Multiple Skleroze Bjelovar\" \/>\n<meta name=\"robots\" content=\"index, follow, max-snippet:-1, max-image-preview:large, max-video-preview:-1\" \/>\n<link rel=\"canonical\" href=\"http:\/\/dms-bbz.hr\/index.php\/dmsbbz\/\" \/>\n<meta property=\"og:locale\" content=\"hr_HR\" \/>\n<meta property=\"og:type\" content=\"article\" \/>\n<meta property=\"og:title\" content=\"Dmsbb\u017e - Dru\u0161tvo Multiple Skleroze Bjelovar\" \/>\n<meta property=\"og:description\" content=\"DMSBB\u017d - Dru\u0161tvo Multiple Skleroze Bjelovar\" \/>\n<meta property=\"og:url\" content=\"http:\/\/dms-bbz.hr\/index.php\/dmsbbz\/\" \/>\n<meta property=\"og:site_name\" content=\"Dru\u0161tvo Multiple Skleroze Bjelovarsko bilogorske \u017eupanije\" \/>\n<meta property=\"article:publisher\" content=\"https:\/\/www.facebook.com\/drustvomultipleskleroze.bjelovar\" \/>\n<meta property=\"article:modified_time\" content=\"2026-04-07T09:43:31+00:00\" \/>\n<meta property=\"og:image\" content=\"http:\/\/dms-bbz.hr\/wp-content\/uploads\/2019\/09\/logo-i-SOS.jpg\" \/>\n<meta name=\"twitter:card\" content=\"summary_large_image\" \/>\n<meta name=\"twitter:label1\" content=\"Procijenjeno vrijeme \u010ditanja\" \/>\n\t<meta name=\"twitter:data1\" content=\"2 minute\" \/>\n<script type=\"application\/ld+json\" class=\"yoast-schema-graph\">{\"@context\":\"https:\/\/schema.org\",\"@graph\":[{\"@type\":\"WebPage\",\"@id\":\"http:\/\/dms-bbz.hr\/index.php\/dmsbbz\/\",\"url\":\"http:\/\/dms-bbz.hr\/index.php\/dmsbbz\/\",\"name\":\"Dmsbb\u017e - Dru\u0161tvo Multiple Skleroze Bjelovar\",\"isPartOf\":{\"@id\":\"http:\/\/dms-bbz.hr\/#website\"},\"primaryImageOfPage\":{\"@id\":\"http:\/\/dms-bbz.hr\/index.php\/dmsbbz\/#primaryimage\"},\"image\":{\"@id\":\"http:\/\/dms-bbz.hr\/index.php\/dmsbbz\/#primaryimage\"},\"thumbnailUrl\":\"http:\/\/dms-bbz.hr\/wp-content\/uploads\/2019\/09\/logo-i-SOS.jpg\",\"datePublished\":\"2025-05-01T05:07:00+00:00\",\"dateModified\":\"2026-04-07T09:43:31+00:00\",\"description\":\"DMSBB\u017d - Dru\u0161tvo Multiple Skleroze Bjelovar\",\"breadcrumb\":{\"@id\":\"http:\/\/dms-bbz.hr\/index.php\/dmsbbz\/#breadcrumb\"},\"inLanguage\":\"hr\",\"potentialAction\":[{\"@type\":\"ReadAction\",\"target\":[\"http:\/\/dms-bbz.hr\/index.php\/dmsbbz\/\"]}]},{\"@type\":\"ImageObject\",\"inLanguage\":\"hr\",\"@id\":\"http:\/\/dms-bbz.hr\/index.php\/dmsbbz\/#primaryimage\",\"url\":\"https:\/\/dms-bbz.hr\/wp-content\/uploads\/2019\/09\/logo-i-SOS.jpg\",\"contentUrl\":\"https:\/\/dms-bbz.hr\/wp-content\/uploads\/2019\/09\/logo-i-SOS.jpg\",\"width\":428,\"height\":161},{\"@type\":\"BreadcrumbList\",\"@id\":\"http:\/\/dms-bbz.hr\/index.php\/dmsbbz\/#breadcrumb\",\"itemListElement\":[{\"@type\":\"ListItem\",\"position\":1,\"name\":\"Home\",\"item\":\"http:\/\/dms-bbz.hr\/\"},{\"@type\":\"ListItem\",\"position\":2,\"name\":\"DMS BB\u017d\"}]},{\"@type\":\"WebSite\",\"@id\":\"http:\/\/dms-bbz.hr\/#website\",\"url\":\"http:\/\/dms-bbz.hr\/\",\"name\":\"Dru\u0161tvo Multiple Skleroze Bjelovarsko bilogorske \u017eupanije\",\"description\":\"Masarykova 8\",\"publisher\":{\"@id\":\"http:\/\/dms-bbz.hr\/#organization\"},\"potentialAction\":[{\"@type\":\"SearchAction\",\"target\":{\"@type\":\"EntryPoint\",\"urlTemplate\":\"http:\/\/dms-bbz.hr\/?s={search_term_string}\"},\"query-input\":{\"@type\":\"PropertyValueSpecification\",\"valueRequired\":true,\"valueName\":\"search_term_string\"}}],\"inLanguage\":\"hr\"},{\"@type\":\"Organization\",\"@id\":\"http:\/\/dms-bbz.hr\/#organization\",\"name\":\"Dru\u0161tvo Multiple Skleroze Bjelovarsko bilogorske \u017eupanije\",\"url\":\"http:\/\/dms-bbz.hr\/\",\"logo\":{\"@type\":\"ImageObject\",\"inLanguage\":\"hr\",\"@id\":\"http:\/\/dms-bbz.hr\/#\/schema\/logo\/image\/\",\"url\":\"http:\/\/dms-bbz.hr\/wp-content\/uploads\/2015\/09\/cropped-clip_image002.jpg\",\"contentUrl\":\"http:\/\/dms-bbz.hr\/wp-content\/uploads\/2015\/09\/cropped-clip_image002.jpg\",\"width\":512,\"height\":512,\"caption\":\"Dru\u0161tvo Multiple Skleroze Bjelovarsko bilogorske \u017eupanije\"},\"image\":{\"@id\":\"http:\/\/dms-bbz.hr\/#\/schema\/logo\/image\/\"},\"sameAs\":[\"https:\/\/www.facebook.com\/drustvomultipleskleroze.bjelovar\"]}]}<\/script>\n<!-- \/ Yoast SEO plugin. -->","yoast_head_json":{"title":"Dmsbb\u017e - Dru\u0161tvo Multiple Skleroze Bjelovar","description":"DMSBB\u017d - Dru\u0161tvo Multiple Skleroze Bjelovar","robots":{"index":"index","follow":"follow","max-snippet":"max-snippet:-1","max-image-preview":"max-image-preview:large","max-video-preview":"max-video-preview:-1"},"canonical":"http:\/\/dms-bbz.hr\/index.php\/dmsbbz\/","og_locale":"hr_HR","og_type":"article","og_title":"Dmsbb\u017e - Dru\u0161tvo Multiple Skleroze Bjelovar","og_description":"DMSBB\u017d - Dru\u0161tvo Multiple Skleroze Bjelovar","og_url":"http:\/\/dms-bbz.hr\/index.php\/dmsbbz\/","og_site_name":"Dru\u0161tvo Multiple Skleroze Bjelovarsko bilogorske \u017eupanije","article_publisher":"https:\/\/www.facebook.com\/drustvomultipleskleroze.bjelovar","article_modified_time":"2026-04-07T09:43:31+00:00","og_image":[{"url":"http:\/\/dms-bbz.hr\/wp-content\/uploads\/2019\/09\/logo-i-SOS.jpg","type":"","width":"","height":""}],"twitter_card":"summary_large_image","twitter_misc":{"Procijenjeno vrijeme \u010ditanja":"2 minute"},"schema":{"@context":"https:\/\/schema.org","@graph":[{"@type":"WebPage","@id":"http:\/\/dms-bbz.hr\/index.php\/dmsbbz\/","url":"http:\/\/dms-bbz.hr\/index.php\/dmsbbz\/","name":"Dmsbb\u017e - Dru\u0161tvo Multiple Skleroze Bjelovar","isPartOf":{"@id":"http:\/\/dms-bbz.hr\/#website"},"primaryImageOfPage":{"@id":"http:\/\/dms-bbz.hr\/index.php\/dmsbbz\/#primaryimage"},"image":{"@id":"http:\/\/dms-bbz.hr\/index.php\/dmsbbz\/#primaryimage"},"thumbnailUrl":"http:\/\/dms-bbz.hr\/wp-content\/uploads\/2019\/09\/logo-i-SOS.jpg","datePublished":"2025-05-01T05:07:00+00:00","dateModified":"2026-04-07T09:43:31+00:00","description":"DMSBB\u017d - Dru\u0161tvo Multiple Skleroze Bjelovar","breadcrumb":{"@id":"http:\/\/dms-bbz.hr\/index.php\/dmsbbz\/#breadcrumb"},"inLanguage":"hr","potentialAction":[{"@type":"ReadAction","target":["http:\/\/dms-bbz.hr\/index.php\/dmsbbz\/"]}]},{"@type":"ImageObject","inLanguage":"hr","@id":"http:\/\/dms-bbz.hr\/index.php\/dmsbbz\/#primaryimage","url":"https:\/\/dms-bbz.hr\/wp-content\/uploads\/2019\/09\/logo-i-SOS.jpg","contentUrl":"https:\/\/dms-bbz.hr\/wp-content\/uploads\/2019\/09\/logo-i-SOS.jpg","width":428,"height":161},{"@type":"BreadcrumbList","@id":"http:\/\/dms-bbz.hr\/index.php\/dmsbbz\/#breadcrumb","itemListElement":[{"@type":"ListItem","position":1,"name":"Home","item":"http:\/\/dms-bbz.hr\/"},{"@type":"ListItem","position":2,"name":"DMS BB\u017d"}]},{"@type":"WebSite","@id":"http:\/\/dms-bbz.hr\/#website","url":"http:\/\/dms-bbz.hr\/","name":"Dru\u0161tvo Multiple Skleroze Bjelovarsko bilogorske \u017eupanije","description":"Masarykova 8","publisher":{"@id":"http:\/\/dms-bbz.hr\/#organization"},"potentialAction":[{"@type":"SearchAction","target":{"@type":"EntryPoint","urlTemplate":"http:\/\/dms-bbz.hr\/?s={search_term_string}"},"query-input":{"@type":"PropertyValueSpecification","valueRequired":true,"valueName":"search_term_string"}}],"inLanguage":"hr"},{"@type":"Organization","@id":"http:\/\/dms-bbz.hr\/#organization","name":"Dru\u0161tvo Multiple Skleroze Bjelovarsko bilogorske \u017eupanije","url":"http:\/\/dms-bbz.hr\/","logo":{"@type":"ImageObject","inLanguage":"hr","@id":"http:\/\/dms-bbz.hr\/#\/schema\/logo\/image\/","url":"http:\/\/dms-bbz.hr\/wp-content\/uploads\/2015\/09\/cropped-clip_image002.jpg","contentUrl":"http:\/\/dms-bbz.hr\/wp-content\/uploads\/2015\/09\/cropped-clip_image002.jpg","width":512,"height":512,"caption":"Dru\u0161tvo Multiple Skleroze Bjelovarsko bilogorske \u017eupanije"},"image":{"@id":"http:\/\/dms-bbz.hr\/#\/schema\/logo\/image\/"},"sameAs":["https:\/\/www.facebook.com\/drustvomultipleskleroze.bjelovar"]}]}},"_links":{"self":[{"href":"https:\/\/dms-bbz.hr\/index.php\/wp-json\/wp\/v2\/pages\/333","targetHints":{"allow":["GET"]}}],"collection":[{"href":"https:\/\/dms-bbz.hr\/index.php\/wp-json\/wp\/v2\/pages"}],"about":[{"href":"https:\/\/dms-bbz.hr\/index.php\/wp-json\/wp\/v2\/types\/page"}],"author":[{"embeddable":true,"href":"https:\/\/dms-bbz.hr\/index.php\/wp-json\/wp\/v2\/users\/1"}],"replies":[{"embeddable":true,"href":"https:\/\/dms-bbz.hr\/index.php\/wp-json\/wp\/v2\/comments?post=333"}],"version-history":[{"count":76,"href":"https:\/\/dms-bbz.hr\/index.php\/wp-json\/wp\/v2\/pages\/333\/revisions"}],"predecessor-version":[{"id":3926,"href":"https:\/\/dms-bbz.hr\/index.php\/wp-json\/wp\/v2\/pages\/333\/revisions\/3926"}],"wp:attachment":[{"href":"https:\/\/dms-bbz.hr\/index.php\/wp-json\/wp\/v2\/media?parent=333"}],"curies":[{"name":"wp","href":"https:\/\/api.w.org\/{rel}","templated":true}]}}