{"id":3866,"date":"2025-02-18T16:53:12","date_gmt":"2025-02-18T15:53:12","guid":{"rendered":"https:\/\/dms-bbz.hr\/?page_id=3866"},"modified":"2026-02-17T13:39:13","modified_gmt":"2026-02-17T12:39:13","slug":"financijski-izvjestaj-za-2024-god-2","status":"publish","type":"page","link":"https:\/\/dms-bbz.hr\/index.php\/financijski-izvjestaj-za-2024-god-2\/","title":{"rendered":"Financijski izvje\u0161taj za 2025. god."},"content":{"rendered":"<a href=\"https:\/\/dms-bbz.hr\/wp-content\/uploads\/2026\/02\/Financijski-izvjestaj-za-2025.-godinu.pdf\" class=\"pdfemb-viewer\" style=\"\" data-width=\"max\" data-height=\"max\" data-toolbar=\"both\" data-toolbar-fixed=\"on\">Financijski-izvjestaj-za-2025.-godinu<\/a>\n\n\n<p><\/p>\n","protected":false},"excerpt":{"rendered":"","protected":false},"author":1,"featured_media":0,"parent":0,"menu_order":0,"comment_status":"closed","ping_status":"closed","template":"","meta":{"ngg_post_thumbnail":0,"footnotes":""},"class_list":["post-3866","page","type-page","status-publish","hentry"],"yoast_head":"<!-- This site is optimized with the Yoast SEO plugin v25.2 - https:\/\/yoast.com\/wordpress\/plugins\/seo\/ -->\n<title>Financijski izvje\u0161taj za 2025. god. - Dru\u0161tvo Multiple Skleroze Bjelovarsko bilogorske \u017eupanije<\/title>\n<meta name=\"robots\" content=\"index, follow, max-snippet:-1, max-image-preview:large, max-video-preview:-1\" \/>\n<link rel=\"canonical\" href=\"http:\/\/dms-bbz.hr\/index.php\/financijski-izvjestaj-za-2024-god-2\/\" \/>\n<meta property=\"og:locale\" content=\"hr_HR\" \/>\n<meta property=\"og:type\" content=\"article\" \/>\n<meta property=\"og:title\" content=\"Financijski izvje\u0161taj za 2025. god. - Dru\u0161tvo Multiple Skleroze Bjelovarsko bilogorske \u017eupanije\" \/>\n<meta property=\"og:url\" content=\"http:\/\/dms-bbz.hr\/index.php\/financijski-izvjestaj-za-2024-god-2\/\" \/>\n<meta property=\"og:site_name\" content=\"Dru\u0161tvo Multiple Skleroze Bjelovarsko bilogorske \u017eupanije\" \/>\n<meta property=\"article:publisher\" content=\"https:\/\/www.facebook.com\/drustvomultipleskleroze.bjelovar\" \/>\n<meta property=\"article:modified_time\" content=\"2026-02-17T12:39:13+00:00\" \/>\n<meta name=\"twitter:card\" content=\"summary_large_image\" \/>\n<script type=\"application\/ld+json\" class=\"yoast-schema-graph\">{\"@context\":\"https:\/\/schema.org\",\"@graph\":[{\"@type\":\"WebPage\",\"@id\":\"http:\/\/dms-bbz.hr\/index.php\/financijski-izvjestaj-za-2024-god-2\/\",\"url\":\"http:\/\/dms-bbz.hr\/index.php\/financijski-izvjestaj-za-2024-god-2\/\",\"name\":\"Financijski izvje\u0161taj za 2025. god. - Dru\u0161tvo Multiple Skleroze Bjelovarsko bilogorske \u017eupanije\",\"isPartOf\":{\"@id\":\"https:\/\/dms-bbz.hr\/#website\"},\"datePublished\":\"2025-02-18T15:53:12+00:00\",\"dateModified\":\"2026-02-17T12:39:13+00:00\",\"breadcrumb\":{\"@id\":\"http:\/\/dms-bbz.hr\/index.php\/financijski-izvjestaj-za-2024-god-2\/#breadcrumb\"},\"inLanguage\":\"hr\",\"potentialAction\":[{\"@type\":\"ReadAction\",\"target\":[\"http:\/\/dms-bbz.hr\/index.php\/financijski-izvjestaj-za-2024-god-2\/\"]}]},{\"@type\":\"BreadcrumbList\",\"@id\":\"http:\/\/dms-bbz.hr\/index.php\/financijski-izvjestaj-za-2024-god-2\/#breadcrumb\",\"itemListElement\":[{\"@type\":\"ListItem\",\"position\":1,\"name\":\"Home\",\"item\":\"https:\/\/dms-bbz.hr\/\"},{\"@type\":\"ListItem\",\"position\":2,\"name\":\"Financijski izvje\u0161taj za 2025. god.\"}]},{\"@type\":\"WebSite\",\"@id\":\"https:\/\/dms-bbz.hr\/#website\",\"url\":\"https:\/\/dms-bbz.hr\/\",\"name\":\"Dru\u0161tvo Multiple Skleroze Bjelovarsko bilogorske \u017eupanije\",\"description\":\"Masarykova 8\",\"publisher\":{\"@id\":\"https:\/\/dms-bbz.hr\/#organization\"},\"potentialAction\":[{\"@type\":\"SearchAction\",\"target\":{\"@type\":\"EntryPoint\",\"urlTemplate\":\"https:\/\/dms-bbz.hr\/?s={search_term_string}\"},\"query-input\":{\"@type\":\"PropertyValueSpecification\",\"valueRequired\":true,\"valueName\":\"search_term_string\"}}],\"inLanguage\":\"hr\"},{\"@type\":\"Organization\",\"@id\":\"https:\/\/dms-bbz.hr\/#organization\",\"name\":\"Dru\u0161tvo Multiple Skleroze Bjelovarsko bilogorske \u017eupanije\",\"url\":\"https:\/\/dms-bbz.hr\/\",\"logo\":{\"@type\":\"ImageObject\",\"inLanguage\":\"hr\",\"@id\":\"https:\/\/dms-bbz.hr\/#\/schema\/logo\/image\/\",\"url\":\"http:\/\/dms-bbz.hr\/wp-content\/uploads\/2015\/09\/cropped-clip_image002.jpg\",\"contentUrl\":\"http:\/\/dms-bbz.hr\/wp-content\/uploads\/2015\/09\/cropped-clip_image002.jpg\",\"width\":512,\"height\":512,\"caption\":\"Dru\u0161tvo Multiple Skleroze Bjelovarsko bilogorske \u017eupanije\"},\"image\":{\"@id\":\"https:\/\/dms-bbz.hr\/#\/schema\/logo\/image\/\"},\"sameAs\":[\"https:\/\/www.facebook.com\/drustvomultipleskleroze.bjelovar\"]}]}<\/script>\n<!-- \/ Yoast SEO plugin. -->","yoast_head_json":{"title":"Financijski izvje\u0161taj za 2025. god. - Dru\u0161tvo Multiple Skleroze Bjelovarsko bilogorske \u017eupanije","robots":{"index":"index","follow":"follow","max-snippet":"max-snippet:-1","max-image-preview":"max-image-preview:large","max-video-preview":"max-video-preview:-1"},"canonical":"http:\/\/dms-bbz.hr\/index.php\/financijski-izvjestaj-za-2024-god-2\/","og_locale":"hr_HR","og_type":"article","og_title":"Financijski izvje\u0161taj za 2025. god. - Dru\u0161tvo Multiple Skleroze Bjelovarsko bilogorske \u017eupanije","og_url":"http:\/\/dms-bbz.hr\/index.php\/financijski-izvjestaj-za-2024-god-2\/","og_site_name":"Dru\u0161tvo Multiple Skleroze Bjelovarsko bilogorske \u017eupanije","article_publisher":"https:\/\/www.facebook.com\/drustvomultipleskleroze.bjelovar","article_modified_time":"2026-02-17T12:39:13+00:00","twitter_card":"summary_large_image","schema":{"@context":"https:\/\/schema.org","@graph":[{"@type":"WebPage","@id":"http:\/\/dms-bbz.hr\/index.php\/financijski-izvjestaj-za-2024-god-2\/","url":"http:\/\/dms-bbz.hr\/index.php\/financijski-izvjestaj-za-2024-god-2\/","name":"Financijski izvje\u0161taj za 2025. god. - Dru\u0161tvo Multiple Skleroze Bjelovarsko bilogorske \u017eupanije","isPartOf":{"@id":"https:\/\/dms-bbz.hr\/#website"},"datePublished":"2025-02-18T15:53:12+00:00","dateModified":"2026-02-17T12:39:13+00:00","breadcrumb":{"@id":"http:\/\/dms-bbz.hr\/index.php\/financijski-izvjestaj-za-2024-god-2\/#breadcrumb"},"inLanguage":"hr","potentialAction":[{"@type":"ReadAction","target":["http:\/\/dms-bbz.hr\/index.php\/financijski-izvjestaj-za-2024-god-2\/"]}]},{"@type":"BreadcrumbList","@id":"http:\/\/dms-bbz.hr\/index.php\/financijski-izvjestaj-za-2024-god-2\/#breadcrumb","itemListElement":[{"@type":"ListItem","position":1,"name":"Home","item":"https:\/\/dms-bbz.hr\/"},{"@type":"ListItem","position":2,"name":"Financijski izvje\u0161taj za 2025. god."}]},{"@type":"WebSite","@id":"https:\/\/dms-bbz.hr\/#website","url":"https:\/\/dms-bbz.hr\/","name":"Dru\u0161tvo Multiple Skleroze Bjelovarsko bilogorske \u017eupanije","description":"Masarykova 8","publisher":{"@id":"https:\/\/dms-bbz.hr\/#organization"},"potentialAction":[{"@type":"SearchAction","target":{"@type":"EntryPoint","urlTemplate":"https:\/\/dms-bbz.hr\/?s={search_term_string}"},"query-input":{"@type":"PropertyValueSpecification","valueRequired":true,"valueName":"search_term_string"}}],"inLanguage":"hr"},{"@type":"Organization","@id":"https:\/\/dms-bbz.hr\/#organization","name":"Dru\u0161tvo Multiple Skleroze Bjelovarsko bilogorske \u017eupanije","url":"https:\/\/dms-bbz.hr\/","logo":{"@type":"ImageObject","inLanguage":"hr","@id":"https:\/\/dms-bbz.hr\/#\/schema\/logo\/image\/","url":"http:\/\/dms-bbz.hr\/wp-content\/uploads\/2015\/09\/cropped-clip_image002.jpg","contentUrl":"http:\/\/dms-bbz.hr\/wp-content\/uploads\/2015\/09\/cropped-clip_image002.jpg","width":512,"height":512,"caption":"Dru\u0161tvo Multiple Skleroze Bjelovarsko bilogorske \u017eupanije"},"image":{"@id":"https:\/\/dms-bbz.hr\/#\/schema\/logo\/image\/"},"sameAs":["https:\/\/www.facebook.com\/drustvomultipleskleroze.bjelovar"]}]}},"_links":{"self":[{"href":"https:\/\/dms-bbz.hr\/index.php\/wp-json\/wp\/v2\/pages\/3866","targetHints":{"allow":["GET"]}}],"collection":[{"href":"https:\/\/dms-bbz.hr\/index.php\/wp-json\/wp\/v2\/pages"}],"about":[{"href":"https:\/\/dms-bbz.hr\/index.php\/wp-json\/wp\/v2\/types\/page"}],"author":[{"embeddable":true,"href":"https:\/\/dms-bbz.hr\/index.php\/wp-json\/wp\/v2\/users\/1"}],"replies":[{"embeddable":true,"href":"https:\/\/dms-bbz.hr\/index.php\/wp-json\/wp\/v2\/comments?post=3866"}],"version-history":[{"count":1,"href":"https:\/\/dms-bbz.hr\/index.php\/wp-json\/wp\/v2\/pages\/3866\/revisions"}],"predecessor-version":[{"id":3869,"href":"https:\/\/dms-bbz.hr\/index.php\/wp-json\/wp\/v2\/pages\/3866\/revisions\/3869"}],"wp:attachment":[{"href":"https:\/\/dms-bbz.hr\/index.php\/wp-json\/wp\/v2\/media?parent=3866"}],"curies":[{"name":"wp","href":"https:\/\/api.w.org\/{rel}","templated":true}]}}